{"id":4518,"date":"2023-05-01T22:00:42","date_gmt":"2023-05-01T20:00:42","guid":{"rendered":"https:\/\/tabledeterroir.be\/?page_id=4518"},"modified":"2024-09-23T18:25:49","modified_gmt":"2024-09-23T16:25:49","slug":"faq","status":"publish","type":"page","link":"https:\/\/tabledeterroir.be\/de\/faq\/","title":{"rendered":"FAQ"},"content":{"rendered":"\t\t<div data-elementor-type=\"wp-page\" data-elementor-id=\"4518\" class=\"elementor elementor-4518\" data-elementor-post-type=\"page\">\n\t\t\t\t\t\t<section class=\"elementor-section elementor-top-section elementor-element elementor-element-fbf7c44 elementor-section-boxed elementor-section-height-default elementor-section-height-default\" data-id=\"fbf7c44\" data-element_type=\"section\" data-settings=\"{&quot;background_background&quot;:&quot;classic&quot;}\">\n\t\t\t\t\t\t\t<div class=\"elementor-background-overlay\"><\/div>\n\t\t\t\t\t\t\t<div class=\"elementor-container elementor-column-gap-default\">\n\t\t\t\t\t<div class=\"elementor-column elementor-col-100 elementor-top-column elementor-element elementor-element-4c2efe2\" data-id=\"4c2efe2\" data-element_type=\"column\" data-settings=\"{&quot;background_background&quot;:&quot;classic&quot;}\">\n\t\t\t<div class=\"elementor-widget-wrap elementor-element-populated\">\n\t\t\t\t\t<div class=\"elementor-background-overlay\"><\/div>\n\t\t\t\t\t\t<div class=\"elementor-element elementor-element-36660e8a elementor-widget__width-initial elementor-widget-mobile__width-initial elementor-widget-tablet_extra__width-inherit elementor-widget-tablet__width-inherit elementor-widget elementor-widget-heading\" data-id=\"36660e8a\" data-element_type=\"widget\" data-widget_type=\"heading.default\">\n\t\t\t\t<div class=\"elementor-widget-container\">\n\t\t\t\t\t<h2 class=\"elementor-heading-title elementor-size-default\">FAQ<\/h2>\t\t\t\t<\/div>\n\t\t\t\t<\/div>\n\t\t\t\t<div class=\"elementor-element elementor-element-da674eb elementor-widget__width-initial elementor-absolute elementor-align-center elementor-widget elementor-widget-lottie\" data-id=\"da674eb\" data-element_type=\"widget\" data-settings=\"{&quot;source_json&quot;:{&quot;url&quot;:&quot;https:\\\/\\\/apaqwp.com\\\/wp-content\\\/uploads\\\/sites\\\/26\\\/2023\\\/07\\\/contact-2-red.json&quot;,&quot;id&quot;:18236,&quot;size&quot;:&quot;&quot;,&quot;alt&quot;:&quot;&quot;,&quot;source&quot;:&quot;library&quot;},&quot;trigger&quot;:&quot;on_hover&quot;,&quot;on_hover_out&quot;:&quot;reverse&quot;,&quot;_position&quot;:&quot;absolute&quot;,&quot;link_to&quot;:&quot;custom&quot;,&quot;custom_link&quot;:{&quot;url&quot;:&quot;\\\/contact\\\/&quot;,&quot;is_external&quot;:&quot;&quot;,&quot;nofollow&quot;:&quot;&quot;,&quot;custom_attributes&quot;:&quot;&quot;},&quot;source&quot;:&quot;media_file&quot;,&quot;caption_source&quot;:&quot;none&quot;,&quot;hover_area&quot;:&quot;animation&quot;,&quot;play_speed&quot;:{&quot;unit&quot;:&quot;px&quot;,&quot;size&quot;:1,&quot;sizes&quot;:[]},&quot;start_point&quot;:{&quot;unit&quot;:&quot;%&quot;,&quot;size&quot;:0,&quot;sizes&quot;:[]},&quot;end_point&quot;:{&quot;unit&quot;:&quot;%&quot;,&quot;size&quot;:100,&quot;sizes&quot;:[]},&quot;renderer&quot;:&quot;svg&quot;}\" data-widget_type=\"lottie.default\">\n\t\t\t\t<div class=\"elementor-widget-container\">\n\t\t\t\t\t<a class=\"e-lottie__container__link\" href=\"\/contact\/\"><div class=\"e-lottie__container\"><div class=\"e-lottie__animation\"><\/div><\/div><\/a>\t\t\t\t<\/div>\n\t\t\t\t<\/div>\n\t\t\t\t\t<\/div>\n\t\t<\/div>\n\t\t\t\t\t<\/div>\n\t\t<\/section>\n\t\t\t\t<section class=\"elementor-section elementor-top-section elementor-element elementor-element-695cd7ee elementor-section-content-middle elementor-section-boxed elementor-section-height-default elementor-section-height-default\" data-id=\"695cd7ee\" data-element_type=\"section\" data-settings=\"{&quot;background_background&quot;:&quot;classic&quot;}\">\n\t\t\t\t\t\t<div class=\"elementor-container elementor-column-gap-no\">\n\t\t\t\t\t<div class=\"elementor-column elementor-col-100 elementor-top-column elementor-element elementor-element-2672eee5\" data-id=\"2672eee5\" data-element_type=\"column\" data-settings=\"{&quot;background_background&quot;:&quot;classic&quot;}\">\n\t\t\t<div class=\"elementor-widget-wrap elementor-element-populated\">\n\t\t\t\t\t<div class=\"elementor-background-overlay\"><\/div>\n\t\t\t\t\t\t<div class=\"elementor-element elementor-element-5ea41093 toggle-faq elementor-widget-tablet__width-inherit elementor-widget elementor-widget-toggle\" data-id=\"5ea41093\" data-element_type=\"widget\" data-settings=\"{&quot;_animation&quot;:&quot;none&quot;}\" data-widget_type=\"toggle.default\">\n\t\t\t\t<div class=\"elementor-widget-container\">\n\t\t\t\t\t\t\t<div class=\"elementor-toggle\">\n\t\t\t\t\t\t\t<div class=\"elementor-toggle-item\">\n\t\t\t\t\t<div id=\"elementor-tab-title-1581\" class=\"elementor-tab-title\" data-tab=\"1\" role=\"button\" aria-controls=\"elementor-tab-content-1581\" aria-expanded=\"false\">\n\t\t\t\t\t\t\t\t\t\t\t\t<span class=\"elementor-toggle-icon elementor-toggle-icon-right\" aria-hidden=\"true\">\n\t\t\t\t\t\t\t\t\t\t\t\t\t\t\t<span class=\"elementor-toggle-icon-closed\"><i class=\"fas fa-plus\"><\/i><\/span>\n\t\t\t\t\t\t\t\t<span class=\"elementor-toggle-icon-opened\"><i class=\"elementor-toggle-icon-opened fas fa-minus\"><\/i><\/span>\n\t\t\t\t\t\t\t\t\t\t\t\t\t<\/span>\n\t\t\t\t\t\t\t\t\t\t\t\t<a class=\"elementor-toggle-title\" tabindex=\"0\">Combien de produits locaux dois-je utiliser au sein de mon restaurant pour \u00eatre labellis\u00e9(e)?<\/a>\n\t\t\t\t\t<\/div>\n\n\t\t\t\t\t<div id=\"elementor-tab-content-1581\" class=\"elementor-tab-content elementor-clearfix\" data-tab=\"1\" role=\"region\" aria-labelledby=\"elementor-tab-title-1581\"><p>Nous comprenons que certaines saisons soient plus propices que d\u2019autres en termes de productions que d\u2019autres. Le label impose d\u2019avoir, en moyenne, 15 produits locaux \u00e0 la carte. Si en basse saison, vous ne compl\u00e9tez pas le chiffre de 15 produits, la haute saison sera l\u2019occasion de rattraper ce manque en proposant plus de produits afin de garantir la Moyenne.<\/p><p><strong><span style=\"font-family: 'Avenir LT Std,85 Heavy''san serif'; color: #119f43; font-size: 16px;\">Attention<\/span><\/strong>: 15 produits locaux ne veulent pas dire 15 producteurs diff\u00e9rents. Vous pouvez vous fournir de plusieurs produits chez le m\u00eame producteur. Dans ce cas, veuillez d\u00e9tailler de mani\u00e8re pr\u00e9cise quels produits sont achet\u00e9s chez le m\u00eame producteur.<\/p><\/div>\n\t\t\t\t<\/div>\n\t\t\t\t\t\t\t<div class=\"elementor-toggle-item\">\n\t\t\t\t\t<div id=\"elementor-tab-title-1582\" class=\"elementor-tab-title\" data-tab=\"2\" role=\"button\" aria-controls=\"elementor-tab-content-1582\" aria-expanded=\"false\">\n\t\t\t\t\t\t\t\t\t\t\t\t<span class=\"elementor-toggle-icon elementor-toggle-icon-right\" aria-hidden=\"true\">\n\t\t\t\t\t\t\t\t\t\t\t\t\t\t\t<span class=\"elementor-toggle-icon-closed\"><i class=\"fas fa-plus\"><\/i><\/span>\n\t\t\t\t\t\t\t\t<span class=\"elementor-toggle-icon-opened\"><i class=\"elementor-toggle-icon-opened fas fa-minus\"><\/i><\/span>\n\t\t\t\t\t\t\t\t\t\t\t\t\t<\/span>\n\t\t\t\t\t\t\t\t\t\t\t\t<a class=\"elementor-toggle-title\" tabindex=\"0\">Mon \u00e9tablissement n\u2019ouvre que 3 jours par semaine \/ tous les soirs \/ tous les 4 jeudis ?<\/a>\n\t\t\t\t\t<\/div>\n\n\t\t\t\t\t<div id=\"elementor-tab-content-1582\" class=\"elementor-tab-content elementor-clearfix\" data-tab=\"2\" role=\"region\" aria-labelledby=\"elementor-tab-title-1582\"><p>Nous n\u2019avons pas d\u2019obligation en termes de jours d\u2019ouverture pour les \u00e9tablissements labellis\u00e9s. L\u2019important est de bien communiquer \u00e0 vos clients vos jours d\u2019ouverture afin de ne pas cr\u00e9er de frustration. Seuls les restaurants \u00e9ph\u00e9m\u00e8res ne sont pas \u00e9ligibles au label.<\/p><\/div>\n\t\t\t\t<\/div>\n\t\t\t\t\t\t\t<div class=\"elementor-toggle-item\">\n\t\t\t\t\t<div id=\"elementor-tab-title-1583\" class=\"elementor-tab-title\" data-tab=\"3\" role=\"button\" aria-controls=\"elementor-tab-content-1583\" aria-expanded=\"false\">\n\t\t\t\t\t\t\t\t\t\t\t\t<span class=\"elementor-toggle-icon elementor-toggle-icon-right\" aria-hidden=\"true\">\n\t\t\t\t\t\t\t\t\t\t\t\t\t\t\t<span class=\"elementor-toggle-icon-closed\"><i class=\"fas fa-plus\"><\/i><\/span>\n\t\t\t\t\t\t\t\t<span class=\"elementor-toggle-icon-opened\"><i class=\"elementor-toggle-icon-opened fas fa-minus\"><\/i><\/span>\n\t\t\t\t\t\t\t\t\t\t\t\t\t<\/span>\n\t\t\t\t\t\t\t\t\t\t\t\t<a class=\"elementor-toggle-title\" tabindex=\"0\">Je suis un foodtruck \/ traiteur \/ sous-traitant un traiteur utilisant des produits locaux. Puis-je pretender au label ?<\/a>\n\t\t\t\t\t<\/div>\n\n\t\t\t\t\t<div id=\"elementor-tab-content-1583\" class=\"elementor-tab-content elementor-clearfix\" data-tab=\"3\" role=\"region\" aria-labelledby=\"elementor-tab-title-1583\"><p>Seuls les \u00e9tablissements proposant une cuisine et une consommation sur place, en int\u00e9rieur, sont \u00e9ligibles au label.<\/p><\/div>\n\t\t\t\t<\/div>\n\t\t\t\t\t\t\t\t<\/div>\n\t\t\t\t\t\t<\/div>\n\t\t\t\t<\/div>\n\t\t\t\t\t<\/div>\n\t\t<\/div>\n\t\t\t\t\t<\/div>\n\t\t<\/section>\n\t\t\t\t<\/div>\n\t\t","protected":false},"excerpt":{"rendered":"<p>FAQ Combien de produits locaux dois-je utiliser au sein de mon restaurant pour \u00eatre labellis\u00e9(e)? Nous comprenons que certaines saisons soient plus propices que d\u2019autres en termes de productions que d\u2019autres. Le label impose d\u2019avoir, [&hellip;]<\/p>\n","protected":false},"author":1,"featured_media":0,"parent":0,"menu_order":0,"comment_status":"closed","ping_status":"closed","template":"","meta":{"_acf_changed":false,"_searchwp_excluded":"","inline_featured_image":false,"footnotes":""},"class_list":["post-4518","page","type-page","status-publish","hentry"],"acf":[],"yoast_head":"<!-- This site is optimized with the Yoast SEO plugin v27.4 - https:\/\/yoast.com\/product\/yoast-seo-wordpress\/ -->\n<title>FAQ - Table de Terroir<\/title>\n<meta name=\"robots\" content=\"index, follow, max-snippet:-1, max-image-preview:large, max-video-preview:-1\" \/>\n<link rel=\"canonical\" href=\"https:\/\/tabledeterroir.be\/de\/faq\/\" \/>\n<meta property=\"og:locale\" content=\"de_DE\" \/>\n<meta property=\"og:type\" content=\"article\" \/>\n<meta property=\"og:title\" content=\"FAQ - Table de Terroir\" \/>\n<meta property=\"og:description\" content=\"FAQ Combien de produits locaux dois-je utiliser au sein de mon restaurant pour \u00eatre labellis\u00e9(e)? Nous comprenons que certaines saisons soient plus propices que d\u2019autres en termes de productions que d\u2019autres. Le label impose d\u2019avoir, [&hellip;]\" \/>\n<meta property=\"og:url\" content=\"https:\/\/tabledeterroir.be\/de\/faq\/\" \/>\n<meta property=\"og:site_name\" content=\"Table de Terroir\" \/>\n<meta property=\"article:modified_time\" content=\"2024-09-23T16:25:49+00:00\" \/>\n<meta name=\"twitter:card\" content=\"summary_large_image\" \/>\n<meta name=\"twitter:label1\" content=\"Gesch\u00e4tzte Lesezeit\" \/>\n\t<meta name=\"twitter:data1\" content=\"2\u00a0Minuten\" \/>\n<script type=\"application\/ld+json\" class=\"yoast-schema-graph\">{\"@context\":\"https:\\\/\\\/schema.org\",\"@graph\":[{\"@type\":\"WebPage\",\"@id\":\"https:\\\/\\\/tabledeterroir.be\\\/de\\\/faq\\\/\",\"url\":\"https:\\\/\\\/tabledeterroir.be\\\/de\\\/faq\\\/\",\"name\":\"FAQ - Table de Terroir\",\"isPartOf\":{\"@id\":\"https:\\\/\\\/tabledeterroir.be\\\/de\\\/#website\"},\"datePublished\":\"2023-05-01T20:00:42+00:00\",\"dateModified\":\"2024-09-23T16:25:49+00:00\",\"breadcrumb\":{\"@id\":\"https:\\\/\\\/tabledeterroir.be\\\/de\\\/faq\\\/#breadcrumb\"},\"inLanguage\":\"de\",\"potentialAction\":[{\"@type\":\"ReadAction\",\"target\":[\"https:\\\/\\\/tabledeterroir.be\\\/de\\\/faq\\\/\"]}]},{\"@type\":\"BreadcrumbList\",\"@id\":\"https:\\\/\\\/tabledeterroir.be\\\/de\\\/faq\\\/#breadcrumb\",\"itemListElement\":[{\"@type\":\"ListItem\",\"position\":1,\"name\":\"Accueil\",\"item\":\"https:\\\/\\\/tabledeterroir.be\\\/de\\\/\"},{\"@type\":\"ListItem\",\"position\":2,\"name\":\"FAQ\"}]},{\"@type\":\"WebSite\",\"@id\":\"https:\\\/\\\/tabledeterroir.be\\\/de\\\/#website\",\"url\":\"https:\\\/\\\/tabledeterroir.be\\\/de\\\/\",\"name\":\"Table de Terroir\",\"description\":\"\",\"publisher\":{\"@id\":\"https:\\\/\\\/tabledeterroir.be\\\/de\\\/#organization\"},\"potentialAction\":[{\"@type\":\"SearchAction\",\"target\":{\"@type\":\"EntryPoint\",\"urlTemplate\":\"https:\\\/\\\/tabledeterroir.be\\\/de\\\/?s={search_term_string}\"},\"query-input\":{\"@type\":\"PropertyValueSpecification\",\"valueRequired\":true,\"valueName\":\"search_term_string\"}}],\"inLanguage\":\"de\"},{\"@type\":\"Organization\",\"@id\":\"https:\\\/\\\/tabledeterroir.be\\\/de\\\/#organization\",\"name\":\"Table de Terroir\",\"url\":\"https:\\\/\\\/tabledeterroir.be\\\/de\\\/\",\"logo\":{\"@type\":\"ImageObject\",\"inLanguage\":\"de\",\"@id\":\"https:\\\/\\\/tabledeterroir.be\\\/de\\\/#\\\/schema\\\/logo\\\/image\\\/\",\"url\":\"https:\\\/\\\/tabledeterroir.be\\\/wp-content\\\/uploads\\\/sites\\\/26\\\/2023\\\/04\\\/light-1.svg\",\"contentUrl\":\"https:\\\/\\\/tabledeterroir.be\\\/wp-content\\\/uploads\\\/sites\\\/26\\\/2023\\\/04\\\/light-1.svg\",\"width\":223,\"height\":54,\"caption\":\"Table de Terroir\"},\"image\":{\"@id\":\"https:\\\/\\\/tabledeterroir.be\\\/de\\\/#\\\/schema\\\/logo\\\/image\\\/\"}}]}<\/script>\n<!-- \/ Yoast SEO plugin. -->","yoast_head_json":{"title":"FAQ - Table de Terroir","robots":{"index":"index","follow":"follow","max-snippet":"max-snippet:-1","max-image-preview":"max-image-preview:large","max-video-preview":"max-video-preview:-1"},"canonical":"https:\/\/tabledeterroir.be\/de\/faq\/","og_locale":"de_DE","og_type":"article","og_title":"FAQ - Table de Terroir","og_description":"FAQ Combien de produits locaux dois-je utiliser au sein de mon restaurant pour \u00eatre labellis\u00e9(e)? Nous comprenons que certaines saisons soient plus propices que d\u2019autres en termes de productions que d\u2019autres. Le label impose d\u2019avoir, [&hellip;]","og_url":"https:\/\/tabledeterroir.be\/de\/faq\/","og_site_name":"Table de Terroir","article_modified_time":"2024-09-23T16:25:49+00:00","twitter_card":"summary_large_image","twitter_misc":{"Gesch\u00e4tzte Lesezeit":"2\u00a0Minuten"},"schema":{"@context":"https:\/\/schema.org","@graph":[{"@type":"WebPage","@id":"https:\/\/tabledeterroir.be\/de\/faq\/","url":"https:\/\/tabledeterroir.be\/de\/faq\/","name":"FAQ - Table de Terroir","isPartOf":{"@id":"https:\/\/tabledeterroir.be\/de\/#website"},"datePublished":"2023-05-01T20:00:42+00:00","dateModified":"2024-09-23T16:25:49+00:00","breadcrumb":{"@id":"https:\/\/tabledeterroir.be\/de\/faq\/#breadcrumb"},"inLanguage":"de","potentialAction":[{"@type":"ReadAction","target":["https:\/\/tabledeterroir.be\/de\/faq\/"]}]},{"@type":"BreadcrumbList","@id":"https:\/\/tabledeterroir.be\/de\/faq\/#breadcrumb","itemListElement":[{"@type":"ListItem","position":1,"name":"Accueil","item":"https:\/\/tabledeterroir.be\/de\/"},{"@type":"ListItem","position":2,"name":"FAQ"}]},{"@type":"WebSite","@id":"https:\/\/tabledeterroir.be\/de\/#website","url":"https:\/\/tabledeterroir.be\/de\/","name":"Table de Terroir","description":"","publisher":{"@id":"https:\/\/tabledeterroir.be\/de\/#organization"},"potentialAction":[{"@type":"SearchAction","target":{"@type":"EntryPoint","urlTemplate":"https:\/\/tabledeterroir.be\/de\/?s={search_term_string}"},"query-input":{"@type":"PropertyValueSpecification","valueRequired":true,"valueName":"search_term_string"}}],"inLanguage":"de"},{"@type":"Organization","@id":"https:\/\/tabledeterroir.be\/de\/#organization","name":"Table de Terroir","url":"https:\/\/tabledeterroir.be\/de\/","logo":{"@type":"ImageObject","inLanguage":"de","@id":"https:\/\/tabledeterroir.be\/de\/#\/schema\/logo\/image\/","url":"https:\/\/tabledeterroir.be\/wp-content\/uploads\/sites\/26\/2023\/04\/light-1.svg","contentUrl":"https:\/\/tabledeterroir.be\/wp-content\/uploads\/sites\/26\/2023\/04\/light-1.svg","width":223,"height":54,"caption":"Table de Terroir"},"image":{"@id":"https:\/\/tabledeterroir.be\/de\/#\/schema\/logo\/image\/"}}]}},"meta_box":[],"_links":{"self":[{"href":"https:\/\/tabledeterroir.be\/de\/wp-json\/wp\/v2\/pages\/4518","targetHints":{"allow":["GET"]}}],"collection":[{"href":"https:\/\/tabledeterroir.be\/de\/wp-json\/wp\/v2\/pages"}],"about":[{"href":"https:\/\/tabledeterroir.be\/de\/wp-json\/wp\/v2\/types\/page"}],"author":[{"embeddable":true,"href":"https:\/\/tabledeterroir.be\/de\/wp-json\/wp\/v2\/users\/1"}],"replies":[{"embeddable":true,"href":"https:\/\/tabledeterroir.be\/de\/wp-json\/wp\/v2\/comments?post=4518"}],"version-history":[{"count":775,"href":"https:\/\/tabledeterroir.be\/de\/wp-json\/wp\/v2\/pages\/4518\/revisions"}],"predecessor-version":[{"id":29049,"href":"https:\/\/tabledeterroir.be\/de\/wp-json\/wp\/v2\/pages\/4518\/revisions\/29049"}],"wp:attachment":[{"href":"https:\/\/tabledeterroir.be\/de\/wp-json\/wp\/v2\/media?parent=4518"}],"curies":[{"name":"wp","href":"https:\/\/api.w.org\/{rel}","templated":true}]}}