{"id":7320,"date":"2023-05-09T19:57:48","date_gmt":"2023-05-09T17:57:48","guid":{"rendered":"https:\/\/tabledeterroir.be\/?page_id=7320"},"modified":"2025-02-04T17:15:46","modified_gmt":"2025-02-04T16:15:46","slug":"actualites","status":"publish","type":"page","link":"https:\/\/tabledeterroir.be\/de\/actualites\/","title":{"rendered":"Actualit\u00e9s"},"content":{"rendered":"\t\t<div data-elementor-type=\"wp-page\" data-elementor-id=\"7320\" class=\"elementor elementor-7320\" data-elementor-post-type=\"page\">\n\t\t\t\t\t\t<section class=\"elementor-section elementor-top-section elementor-element elementor-element-d93a2cf elementor-section-boxed elementor-section-height-default elementor-section-height-default\" data-id=\"d93a2cf\" data-element_type=\"section\" data-settings=\"{&quot;background_background&quot;:&quot;classic&quot;}\">\n\t\t\t\t\t\t\t<div class=\"elementor-background-overlay\"><\/div>\n\t\t\t\t\t\t\t<div class=\"elementor-container elementor-column-gap-default\">\n\t\t\t\t\t<div class=\"elementor-column elementor-col-100 elementor-top-column elementor-element elementor-element-2939030\" data-id=\"2939030\" data-element_type=\"column\" data-settings=\"{&quot;background_background&quot;:&quot;classic&quot;}\">\n\t\t\t<div class=\"elementor-widget-wrap elementor-element-populated\">\n\t\t\t\t\t<div class=\"elementor-background-overlay\"><\/div>\n\t\t\t\t\t\t<div class=\"elementor-element elementor-element-db1211e elementor-widget elementor-widget-spacer\" data-id=\"db1211e\" data-element_type=\"widget\" data-widget_type=\"spacer.default\">\n\t\t\t\t<div class=\"elementor-widget-container\">\n\t\t\t\t\t\t\t<div class=\"elementor-spacer\">\n\t\t\t<div class=\"elementor-spacer-inner\"><\/div>\n\t\t<\/div>\n\t\t\t\t\t\t<\/div>\n\t\t\t\t<\/div>\n\t\t\t\t<div class=\"elementor-element elementor-element-7f83b51 elementor-grid-3 elementor-grid-tablet-2 elementor-grid-mobile-1 elementor-posts--thumbnail-top elementor-card-shadow-yes elementor-posts__hover-gradient elementor-widget elementor-widget-posts\" data-id=\"7f83b51\" data-element_type=\"widget\" data-settings=\"{&quot;cards_masonry&quot;:&quot;yes&quot;,&quot;cards_columns&quot;:&quot;3&quot;,&quot;cards_columns_tablet&quot;:&quot;2&quot;,&quot;cards_columns_mobile&quot;:&quot;1&quot;,&quot;cards_row_gap&quot;:{&quot;unit&quot;:&quot;px&quot;,&quot;size&quot;:35,&quot;sizes&quot;:[]},&quot;cards_row_gap_laptop&quot;:{&quot;unit&quot;:&quot;px&quot;,&quot;size&quot;:&quot;&quot;,&quot;sizes&quot;:[]},&quot;cards_row_gap_tablet_extra&quot;:{&quot;unit&quot;:&quot;px&quot;,&quot;size&quot;:&quot;&quot;,&quot;sizes&quot;:[]},&quot;cards_row_gap_tablet&quot;:{&quot;unit&quot;:&quot;px&quot;,&quot;size&quot;:&quot;&quot;,&quot;sizes&quot;:[]},&quot;cards_row_gap_mobile&quot;:{&quot;unit&quot;:&quot;px&quot;,&quot;size&quot;:&quot;&quot;,&quot;sizes&quot;:[]}}\" data-widget_type=\"posts.cards\">\n\t\t\t\t<div class=\"elementor-widget-container\">\n\t\t\t\t\t\t\t<div class=\"elementor-posts-container elementor-posts elementor-posts--skin-cards elementor-grid\" role=\"list\">\n\t\t\t\t<article class=\"elementor-post elementor-grid-item post-32119 post type-post status-publish format-standard has-post-thumbnail hentry category-non-classifiee\" role=\"listitem\">\n\t\t\t<div class=\"elementor-post__card\">\n\t\t\t\t<a class=\"elementor-post__thumbnail__link\" href=\"https:\/\/tabledeterroir.be\/de\/table-de-terroir-quand-la-wallonie-celebre-son-terroir\/\" tabindex=\"-1\" ><div class=\"elementor-post__thumbnail\"><img fetchpriority=\"high\" decoding=\"async\" width=\"200\" height=\"300\" src=\"https:\/\/tabledeterroir.be\/wp-content\/uploads\/sites\/26\/assets_task_01jyh0z462f17t4st951fg8rcs_1750771393_img_1-200x300.webp\" class=\"attachment-medium size-medium wp-image-32163\" alt=\"\" srcset=\"https:\/\/tabledeterroir.be\/wp-content\/uploads\/sites\/26\/assets_task_01jyh0z462f17t4st951fg8rcs_1750771393_img_1-200x300.webp 200w, https:\/\/tabledeterroir.be\/wp-content\/uploads\/sites\/26\/assets_task_01jyh0z462f17t4st951fg8rcs_1750771393_img_1-683x1024.webp 683w, https:\/\/tabledeterroir.be\/wp-content\/uploads\/sites\/26\/assets_task_01jyh0z462f17t4st951fg8rcs_1750771393_img_1-768x1152.webp 768w, https:\/\/tabledeterroir.be\/wp-content\/uploads\/sites\/26\/assets_task_01jyh0z462f17t4st951fg8rcs_1750771393_img_1.webp 1024w\" sizes=\"(max-width: 200px) 100vw, 200px\" \/><\/div><\/a>\n\t\t\t\t<div class=\"elementor-post__badge\">Non classifi\u00e9(e)<\/div>\n\t\t\t\t<div class=\"elementor-post__text\">\n\t\t\t\t<h3 class=\"elementor-post__title\">\n\t\t\t<a href=\"https:\/\/tabledeterroir.be\/de\/table-de-terroir-quand-la-wallonie-celebre-son-terroir\/\" >\n\t\t\t\tTable de Terroir : quand la Wallonie c\u00e9l\u00e8bre son terroir\u202fet d\u00e9veloppe son r\u00e9seau\t\t\t<\/a>\n\t\t<\/h3>\n\t\t\t\t<div class=\"elementor-post__excerpt\">\n\t\t\t<p>Table de Terroir : la gastronomie wallonne grandit, s\u2019enracine et rayonne En 2025, la Wallonie peut se targuer d&#8217;environ 100 \u00e9tablissements labellis\u00e9s \u201cTable de Terroir\u201d, approvisionn\u00e9s par \u2014 et soutenant \u2014 plus de 1\u202f500 producteurs locaux. Un r\u00e9seau en constante expansion, anim\u00e9 par la volont\u00e9 de valoriser une cuisine sinc\u00e8re,<\/p>\n\t\t<\/div>\n\t\t\n\t\t<a class=\"elementor-post__read-more\" href=\"https:\/\/tabledeterroir.be\/de\/table-de-terroir-quand-la-wallonie-celebre-son-terroir\/\" aria-label=\"Mehr \u00fcber Table de Terroir : quand la Wallonie c\u00e9l\u00e8bre son terroir\u202fet d\u00e9veloppe son r\u00e9seau\" tabindex=\"-1\" >\n\t\t\tLire la suite \u00bb\t\t<\/a>\n\n\t\t\t\t<\/div>\n\t\t\t\t<div class=\"elementor-post__meta-data\">\n\t\t\t\t\t<span class=\"elementor-post-date\">\n\t\t\t24 Juni 2025\t\t<\/span>\n\t\t\t\t<span class=\"elementor-post-avatar\">\n\t\t\tKeine Kommentare\t\t<\/span>\n\t\t\t\t<\/div>\n\t\t\t\t\t<\/div>\n\t\t<\/article>\n\t\t\t\t<article class=\"elementor-post elementor-grid-item post-29761 post type-post status-publish format-standard has-post-thumbnail hentry category-non-classifiee\" role=\"listitem\">\n\t\t\t<div class=\"elementor-post__card\">\n\t\t\t\t<a class=\"elementor-post__thumbnail__link\" href=\"https:\/\/tabledeterroir.be\/de\/la-relance-du-label-table-de-terroir-une-ode-a-la-gastronomie-locale\/\" tabindex=\"-1\" ><div class=\"elementor-post__thumbnail\"><img decoding=\"async\" width=\"300\" height=\"169\" src=\"https:\/\/tabledeterroir.be\/wp-content\/uploads\/sites\/26\/Beige-Ivory-Neutral-Aesthetic-Boho-Inspiration-Moodboard-Photo-Collage-Facebook-Cover-Site-Web-300x169.jpg\" class=\"attachment-medium size-medium wp-image-29762\" alt=\"\" srcset=\"https:\/\/tabledeterroir.be\/wp-content\/uploads\/sites\/26\/Beige-Ivory-Neutral-Aesthetic-Boho-Inspiration-Moodboard-Photo-Collage-Facebook-Cover-Site-Web-300x169.jpg 300w, https:\/\/tabledeterroir.be\/wp-content\/uploads\/sites\/26\/Beige-Ivory-Neutral-Aesthetic-Boho-Inspiration-Moodboard-Photo-Collage-Facebook-Cover-Site-Web-1024x575.jpg 1024w, https:\/\/tabledeterroir.be\/wp-content\/uploads\/sites\/26\/Beige-Ivory-Neutral-Aesthetic-Boho-Inspiration-Moodboard-Photo-Collage-Facebook-Cover-Site-Web-768x432.jpg 768w, https:\/\/tabledeterroir.be\/wp-content\/uploads\/sites\/26\/Beige-Ivory-Neutral-Aesthetic-Boho-Inspiration-Moodboard-Photo-Collage-Facebook-Cover-Site-Web-1536x863.jpg 1536w, https:\/\/tabledeterroir.be\/wp-content\/uploads\/sites\/26\/Beige-Ivory-Neutral-Aesthetic-Boho-Inspiration-Moodboard-Photo-Collage-Facebook-Cover-Site-Web.jpg 1920w\" sizes=\"(max-width: 300px) 100vw, 300px\" \/><\/div><\/a>\n\t\t\t\t<div class=\"elementor-post__badge\">Non classifi\u00e9(e)<\/div>\n\t\t\t\t<div class=\"elementor-post__text\">\n\t\t\t\t<h3 class=\"elementor-post__title\">\n\t\t\t<a href=\"https:\/\/tabledeterroir.be\/de\/la-relance-du-label-table-de-terroir-une-ode-a-la-gastronomie-locale\/\" >\n\t\t\t\tLa relance du label \u201cTable de Terroir\u201d : une ode \u00e0 la gastronomie locale\t\t\t<\/a>\n\t\t<\/h3>\n\t\t\t\t<div class=\"elementor-post__excerpt\">\n\t\t\t<p>Un label qui a de la bouteille Depuis les ann\u00e9es 2000, le label \u201cTable de Terroir\u201d s\u2019est impos\u00e9 comme un symbole de qualit\u00e9 et d\u2019authenticit\u00e9 dans la gastronomie wallonne. Cr\u00e9\u00e9 pour promouvoir\u00a0les produits locaux et soutenir les restaurateurs, ce label a su \u00e9voluer avec les attentes des consommateurs, toujours plus<\/p>\n\t\t<\/div>\n\t\t\n\t\t<a class=\"elementor-post__read-more\" href=\"https:\/\/tabledeterroir.be\/de\/la-relance-du-label-table-de-terroir-une-ode-a-la-gastronomie-locale\/\" aria-label=\"Mehr \u00fcber La relance du label \u201cTable de Terroir\u201d : une ode \u00e0 la gastronomie locale\" tabindex=\"-1\" >\n\t\t\tLire la suite \u00bb\t\t<\/a>\n\n\t\t\t\t<\/div>\n\t\t\t\t<div class=\"elementor-post__meta-data\">\n\t\t\t\t\t<span class=\"elementor-post-date\">\n\t\t\t28 Oktober 2024\t\t<\/span>\n\t\t\t\t<span class=\"elementor-post-avatar\">\n\t\t\tKeine Kommentare\t\t<\/span>\n\t\t\t\t<\/div>\n\t\t\t\t\t<\/div>\n\t\t<\/article>\n\t\t\t\t<article class=\"elementor-post elementor-grid-item post-27530 post type-post status-publish format-standard has-post-thumbnail hentry category-non-classifiee\" role=\"listitem\">\n\t\t\t<div class=\"elementor-post__card\">\n\t\t\t\t<a class=\"elementor-post__thumbnail__link\" href=\"https:\/\/tabledeterroir.be\/de\/table-de-terroir-a-remporte-le-culinary-innovators-award-par-gault-millau-dans-la-categorie-durabilite\/\" tabindex=\"-1\" ><div class=\"elementor-post__thumbnail\"><img decoding=\"async\" width=\"225\" height=\"300\" src=\"https:\/\/tabledeterroir.be\/wp-content\/uploads\/sites\/26\/2024\/05\/439941749_452783087272161_3333997051075902462_n-225x300.jpg\" class=\"attachment-medium size-medium wp-image-27531\" alt=\"\" srcset=\"https:\/\/tabledeterroir.be\/wp-content\/uploads\/sites\/26\/2024\/05\/439941749_452783087272161_3333997051075902462_n-225x300.jpg 225w, https:\/\/tabledeterroir.be\/wp-content\/uploads\/sites\/26\/2024\/05\/439941749_452783087272161_3333997051075902462_n-768x1024.jpg 768w, https:\/\/tabledeterroir.be\/wp-content\/uploads\/sites\/26\/2024\/05\/439941749_452783087272161_3333997051075902462_n-1152x1536.jpg 1152w, https:\/\/tabledeterroir.be\/wp-content\/uploads\/sites\/26\/2024\/05\/439941749_452783087272161_3333997051075902462_n.jpg 1440w\" sizes=\"(max-width: 225px) 100vw, 225px\" \/><\/div><\/a>\n\t\t\t\t<div class=\"elementor-post__badge\">Non classifi\u00e9(e)<\/div>\n\t\t\t\t<div class=\"elementor-post__text\">\n\t\t\t\t<h3 class=\"elementor-post__title\">\n\t\t\t<a href=\"https:\/\/tabledeterroir.be\/de\/table-de-terroir-a-remporte-le-culinary-innovators-award-par-gault-millau-dans-la-categorie-durabilite\/\" >\n\t\t\t\tTable de Terroir a remport\u00e9 le \"Culinary Innovators Award\" par Gault &#038; Millau dans la cat\u00e9gorie Durabilit\u00e9\t\t\t<\/a>\n\t\t<\/h3>\n\t\t\t\t<div class=\"elementor-post__excerpt\">\n\t\t\t<p>Le label \u00ab Table de Terroir \u00bb de l\u2019Apaq-W remporte le prix &#8220;Culinary Innovators Award&#8221; de Gault &amp; Millau dans la cat\u00e9gorie Durabilit\u00e9 Le label \u00ab Table de Terroir \u00bb, port\u00e9 par l\u2019Agence de Promotion pour une Agriculture de Qualit\u00e9 en Wallonie (Apaq-W), a remport\u00e9 ce lundi soir le prix<\/p>\n\t\t<\/div>\n\t\t\n\t\t<a class=\"elementor-post__read-more\" href=\"https:\/\/tabledeterroir.be\/de\/table-de-terroir-a-remporte-le-culinary-innovators-award-par-gault-millau-dans-la-categorie-durabilite\/\" aria-label=\"Mehr \u00fcber Table de Terroir a remport\u00e9 le &quot;Culinary Innovators Award&quot; par Gault &#038; Millau dans la cat\u00e9gorie Durabilit\u00e9\" tabindex=\"-1\" >\n\t\t\tLire la suite \u00bb\t\t<\/a>\n\n\t\t\t\t<\/div>\n\t\t\t\t<div class=\"elementor-post__meta-data\">\n\t\t\t\t\t<span class=\"elementor-post-date\">\n\t\t\t8 Mai 2024\t\t<\/span>\n\t\t\t\t<span class=\"elementor-post-avatar\">\n\t\t\tKeine Kommentare\t\t<\/span>\n\t\t\t\t<\/div>\n\t\t\t\t\t<\/div>\n\t\t<\/article>\n\t\t\t\t<article class=\"elementor-post elementor-grid-item post-27264 post type-post status-publish format-standard has-post-thumbnail hentry category-guides\" role=\"listitem\">\n\t\t\t<div class=\"elementor-post__card\">\n\t\t\t\t<a class=\"elementor-post__thumbnail__link\" href=\"https:\/\/tabledeterroir.be\/de\/apaqw-salon-horecatel-reseautage-restaurateurs-reseau-table-de-terroir\/\" tabindex=\"-1\" ><div class=\"elementor-post__thumbnail\"><img loading=\"lazy\" decoding=\"async\" width=\"300\" height=\"225\" src=\"https:\/\/tabledeterroir.be\/wp-content\/uploads\/sites\/26\/2024\/03\/1710505176309-300x225.jpg\" class=\"attachment-medium size-medium wp-image-27265\" alt=\"\" srcset=\"https:\/\/tabledeterroir.be\/wp-content\/uploads\/sites\/26\/2024\/03\/1710505176309-300x225.jpg 300w, https:\/\/tabledeterroir.be\/wp-content\/uploads\/sites\/26\/2024\/03\/1710505176309-1024x768.jpg 1024w, https:\/\/tabledeterroir.be\/wp-content\/uploads\/sites\/26\/2024\/03\/1710505176309-768x576.jpg 768w, https:\/\/tabledeterroir.be\/wp-content\/uploads\/sites\/26\/2024\/03\/1710505176309-1536x1152.jpg 1536w, https:\/\/tabledeterroir.be\/wp-content\/uploads\/sites\/26\/2024\/03\/1710505176309.jpg 2048w\" sizes=\"(max-width: 300px) 100vw, 300px\" \/><\/div><\/a>\n\t\t\t\t<div class=\"elementor-post__badge\">Guides<\/div>\n\t\t\t\t<div class=\"elementor-post__text\">\n\t\t\t\t<h3 class=\"elementor-post__title\">\n\t\t\t<a href=\"https:\/\/tabledeterroir.be\/de\/apaqw-salon-horecatel-reseautage-restaurateurs-reseau-table-de-terroir\/\" >\n\t\t\t\tL'APAQ-W au salon Horecatel\t\t\t<\/a>\n\t\t<\/h3>\n\t\t\t\t<div class=\"elementor-post__excerpt\">\n\t\t\t<p>Le salon Horecatel \u00e9tait de retour en mars dernier et l&#8217;Agence wallonne pour la promotion d&#8217;une agriculture de qualit\u00e9 (APAQ-W) \u00e9tait fi\u00e8re d&#8217;y participer, cette ann\u00e9e encore. L&#8217;occasion \u00e9tait id\u00e9ale pour pouvoir convier les restaurateurs labellis\u00e9s &#8220;Table de Terroir&#8221; \u00e0 r\u00e9seauter et d\u00e9couvrir des produits du terroir wallon. Le salon<\/p>\n\t\t<\/div>\n\t\t\n\t\t<a class=\"elementor-post__read-more\" href=\"https:\/\/tabledeterroir.be\/de\/apaqw-salon-horecatel-reseautage-restaurateurs-reseau-table-de-terroir\/\" aria-label=\"Mehr \u00fcber L&#039;APAQ-W au salon Horecatel\" tabindex=\"-1\" >\n\t\t\tLire la suite \u00bb\t\t<\/a>\n\n\t\t\t\t<\/div>\n\t\t\t\t<div class=\"elementor-post__meta-data\">\n\t\t\t\t\t<span class=\"elementor-post-date\">\n\t\t\t26 M\u00e4rz 2024\t\t<\/span>\n\t\t\t\t<span class=\"elementor-post-avatar\">\n\t\t\tKeine Kommentare\t\t<\/span>\n\t\t\t\t<\/div>\n\t\t\t\t\t<\/div>\n\t\t<\/article>\n\t\t\t\t<article class=\"elementor-post elementor-grid-item post-26179 post type-post status-publish format-standard has-post-thumbnail hentry category-guides\" role=\"listitem\">\n\t\t\t<div class=\"elementor-post__card\">\n\t\t\t\t<a class=\"elementor-post__thumbnail__link\" href=\"https:\/\/tabledeterroir.be\/de\/speedmeeting-b2b-producteurs-restaurateurs\/\" tabindex=\"-1\" ><div class=\"elementor-post__thumbnail\"><img loading=\"lazy\" decoding=\"async\" width=\"200\" height=\"300\" src=\"https:\/\/tabledeterroir.be\/wp-content\/uploads\/sites\/26\/2023\/10\/1663067517196-200x300.jpg\" class=\"attachment-medium size-medium wp-image-26194\" alt=\"\" srcset=\"https:\/\/tabledeterroir.be\/wp-content\/uploads\/sites\/26\/2023\/10\/1663067517196-200x300.jpg 200w, https:\/\/tabledeterroir.be\/wp-content\/uploads\/sites\/26\/2023\/10\/1663067517196-683x1024.jpg 683w, https:\/\/tabledeterroir.be\/wp-content\/uploads\/sites\/26\/2023\/10\/1663067517196-768x1152.jpg 768w, https:\/\/tabledeterroir.be\/wp-content\/uploads\/sites\/26\/2023\/10\/1663067517196-1024x1536.jpg 1024w, https:\/\/tabledeterroir.be\/wp-content\/uploads\/sites\/26\/2023\/10\/1663067517196.jpg 1280w\" sizes=\"(max-width: 200px) 100vw, 200px\" \/><\/div><\/a>\n\t\t\t\t<div class=\"elementor-post__badge\">Guides<\/div>\n\t\t\t\t<div class=\"elementor-post__text\">\n\t\t\t\t<h3 class=\"elementor-post__title\">\n\t\t\t<a href=\"https:\/\/tabledeterroir.be\/de\/speedmeeting-b2b-producteurs-restaurateurs\/\" >\n\t\t\t\tSpeedMeeting B2B - Producteurs &amp; restaurateurs\t\t\t<\/a>\n\t\t<\/h3>\n\t\t\t\t<div class=\"elementor-post__excerpt\">\n\t\t\t<p>| APPEL AUX RESTAURATEURS ET RESTAURATRICES | Vous \u00eates restaurateur et vous souhaitez introduire davantage de produits locaux et de saison dans vos assiettes ? Le lundi 13 novembre 2023, l&#8217;Agence pour la Promotion d&#8217;une Agriculture de Qualit\u00e9, en collaboration avec Table de Terroir, organise une rencontre de l&#8217;approvisionnement \u00e0<\/p>\n\t\t<\/div>\n\t\t\n\t\t<a class=\"elementor-post__read-more\" href=\"https:\/\/tabledeterroir.be\/de\/speedmeeting-b2b-producteurs-restaurateurs\/\" aria-label=\"Mehr \u00fcber SpeedMeeting B2B - Producteurs &amp; restaurateurs\" tabindex=\"-1\" >\n\t\t\tLire la suite \u00bb\t\t<\/a>\n\n\t\t\t\t<\/div>\n\t\t\t\t<div class=\"elementor-post__meta-data\">\n\t\t\t\t\t<span class=\"elementor-post-date\">\n\t\t\t31 Oktober 2023\t\t<\/span>\n\t\t\t\t<span class=\"elementor-post-avatar\">\n\t\t\tKeine Kommentare\t\t<\/span>\n\t\t\t\t<\/div>\n\t\t\t\t\t<\/div>\n\t\t<\/article>\n\t\t\t\t<article class=\"elementor-post elementor-grid-item post-24200 post type-post status-publish format-standard has-post-thumbnail hentry category-non-classifiee\" role=\"listitem\">\n\t\t\t<div class=\"elementor-post__card\">\n\t\t\t\t<a class=\"elementor-post__thumbnail__link\" href=\"https:\/\/tabledeterroir.be\/de\/quand-les-produits-locaux-riment-avec-economie-locale-et-ecologie\/\" tabindex=\"-1\" ><div class=\"elementor-post__thumbnail\"><img loading=\"lazy\" decoding=\"async\" width=\"300\" height=\"200\" src=\"https:\/\/tabledeterroir.be\/wp-content\/uploads\/sites\/26\/2023\/07\/DSC04513-min-300x200.jpg\" class=\"attachment-medium size-medium wp-image-24172\" alt=\"\" srcset=\"https:\/\/tabledeterroir.be\/wp-content\/uploads\/sites\/26\/2023\/07\/DSC04513-min-300x200.jpg 300w, https:\/\/tabledeterroir.be\/wp-content\/uploads\/sites\/26\/2023\/07\/DSC04513-min-1024x683.jpg 1024w, https:\/\/tabledeterroir.be\/wp-content\/uploads\/sites\/26\/2023\/07\/DSC04513-min-768x512.jpg 768w, https:\/\/tabledeterroir.be\/wp-content\/uploads\/sites\/26\/2023\/07\/DSC04513-min-1536x1024.jpg 1536w, https:\/\/tabledeterroir.be\/wp-content\/uploads\/sites\/26\/2023\/07\/DSC04513-min-2048x1365.jpg 2048w, https:\/\/tabledeterroir.be\/wp-content\/uploads\/sites\/26\/2023\/07\/DSC04513-min-750x500.jpg 750w, https:\/\/tabledeterroir.be\/wp-content\/uploads\/sites\/26\/2023\/07\/DSC04513-min-615x410.jpg 615w, https:\/\/tabledeterroir.be\/wp-content\/uploads\/sites\/26\/2023\/07\/DSC04513-min-1140x760.jpg 1140w\" sizes=\"(max-width: 300px) 100vw, 300px\" \/><\/div><\/a>\n\t\t\t\t<div class=\"elementor-post__badge\">Non classifi\u00e9(e)<\/div>\n\t\t\t\t<div class=\"elementor-post__text\">\n\t\t\t\t<h3 class=\"elementor-post__title\">\n\t\t\t<a href=\"https:\/\/tabledeterroir.be\/de\/quand-les-produits-locaux-riment-avec-economie-locale-et-ecologie\/\" >\n\t\t\t\tQuand les produits locaux riment avec \u00e9conomie locale et \u00e9cologie\t\t\t<\/a>\n\t\t<\/h3>\n\t\t\t\t<div class=\"elementor-post__excerpt\">\n\t\t\t<p>Consommer local pour prot\u00e9ger notre avenir Dans un monde de plus en plus connect\u00e9, o\u00f9 les fronti\u00e8res s\u2019estompent gr\u00e2ce aux \u00e9changes internationaux, il est crucial de prendre conscience de l\u2019importance de la consommation locale pour pr\u00e9server notre avenir. L\u2019acte de consommer des produits locaux ne se limite pas \u00e0 une<\/p>\n\t\t<\/div>\n\t\t\n\t\t<a class=\"elementor-post__read-more\" href=\"https:\/\/tabledeterroir.be\/de\/quand-les-produits-locaux-riment-avec-economie-locale-et-ecologie\/\" aria-label=\"Mehr \u00fcber Quand les produits locaux riment avec \u00e9conomie locale et \u00e9cologie\" tabindex=\"-1\" >\n\t\t\tLire la suite \u00bb\t\t<\/a>\n\n\t\t\t\t<\/div>\n\t\t\t\t<div class=\"elementor-post__meta-data\">\n\t\t\t\t\t<span class=\"elementor-post-date\">\n\t\t\t28 Juli 2023\t\t<\/span>\n\t\t\t\t<span class=\"elementor-post-avatar\">\n\t\t\tKeine Kommentare\t\t<\/span>\n\t\t\t\t<\/div>\n\t\t\t\t\t<\/div>\n\t\t<\/article>\n\t\t\t\t<\/div>\n\t\t\n\t\t\t\t\t\t<\/div>\n\t\t\t\t<\/div>\n\t\t\t\t\t<\/div>\n\t\t<\/div>\n\t\t\t\t\t<\/div>\n\t\t<\/section>\n\t\t\t\t<\/div>\n\t\t","protected":false},"excerpt":{"rendered":"","protected":false},"author":1,"featured_media":0,"parent":0,"menu_order":0,"comment_status":"closed","ping_status":"closed","template":"elementor_header_footer","meta":{"_acf_changed":false,"_searchwp_excluded":"","inline_featured_image":false,"footnotes":""},"class_list":["post-7320","page","type-page","status-publish","hentry"],"acf":[],"yoast_head":"<!-- This site is optimized with the Yoast SEO plugin v27.3 - https:\/\/yoast.com\/product\/yoast-seo-wordpress\/ -->\n<title>Actualit\u00e9s - Table de Terroir<\/title>\n<meta name=\"robots\" content=\"index, follow, max-snippet:-1, max-image-preview:large, max-video-preview:-1\" \/>\n<link rel=\"canonical\" href=\"https:\/\/tabledeterroir.be\/de\/actualites\/\" \/>\n<meta property=\"og:locale\" content=\"de_DE\" \/>\n<meta property=\"og:type\" content=\"article\" \/>\n<meta property=\"og:title\" content=\"Actualit\u00e9s - Table de Terroir\" \/>\n<meta property=\"og:url\" content=\"https:\/\/tabledeterroir.be\/de\/actualites\/\" \/>\n<meta property=\"og:site_name\" content=\"Table de Terroir\" \/>\n<meta property=\"article:modified_time\" content=\"2025-02-04T16:15:46+00:00\" \/>\n<meta name=\"twitter:card\" content=\"summary_large_image\" \/>\n<meta name=\"twitter:label1\" content=\"Gesch\u00e4tzte Lesezeit\" \/>\n\t<meta name=\"twitter:data1\" content=\"5\u00a0Minuten\" \/>\n<script type=\"application\/ld+json\" class=\"yoast-schema-graph\">{\"@context\":\"https:\\\/\\\/schema.org\",\"@graph\":[{\"@type\":\"WebPage\",\"@id\":\"https:\\\/\\\/tabledeterroir.be\\\/de\\\/actualites\\\/\",\"url\":\"https:\\\/\\\/tabledeterroir.be\\\/de\\\/actualites\\\/\",\"name\":\"Actualit\u00e9s - Table de Terroir\",\"isPartOf\":{\"@id\":\"https:\\\/\\\/tabledeterroir.be\\\/de\\\/#website\"},\"datePublished\":\"2023-05-09T17:57:48+00:00\",\"dateModified\":\"2025-02-04T16:15:46+00:00\",\"breadcrumb\":{\"@id\":\"https:\\\/\\\/tabledeterroir.be\\\/de\\\/actualites\\\/#breadcrumb\"},\"inLanguage\":\"de\",\"potentialAction\":[{\"@type\":\"ReadAction\",\"target\":[\"https:\\\/\\\/tabledeterroir.be\\\/de\\\/actualites\\\/\"]}]},{\"@type\":\"BreadcrumbList\",\"@id\":\"https:\\\/\\\/tabledeterroir.be\\\/de\\\/actualites\\\/#breadcrumb\",\"itemListElement\":[{\"@type\":\"ListItem\",\"position\":1,\"name\":\"Accueil\",\"item\":\"https:\\\/\\\/tabledeterroir.be\\\/de\\\/\"},{\"@type\":\"ListItem\",\"position\":2,\"name\":\"Actualit\u00e9s\"}]},{\"@type\":\"WebSite\",\"@id\":\"https:\\\/\\\/tabledeterroir.be\\\/de\\\/#website\",\"url\":\"https:\\\/\\\/tabledeterroir.be\\\/de\\\/\",\"name\":\"Table de Terroir\",\"description\":\"\",\"publisher\":{\"@id\":\"https:\\\/\\\/tabledeterroir.be\\\/de\\\/#organization\"},\"potentialAction\":[{\"@type\":\"SearchAction\",\"target\":{\"@type\":\"EntryPoint\",\"urlTemplate\":\"https:\\\/\\\/tabledeterroir.be\\\/de\\\/?s={search_term_string}\"},\"query-input\":{\"@type\":\"PropertyValueSpecification\",\"valueRequired\":true,\"valueName\":\"search_term_string\"}}],\"inLanguage\":\"de\"},{\"@type\":\"Organization\",\"@id\":\"https:\\\/\\\/tabledeterroir.be\\\/de\\\/#organization\",\"name\":\"Table de Terroir\",\"url\":\"https:\\\/\\\/tabledeterroir.be\\\/de\\\/\",\"logo\":{\"@type\":\"ImageObject\",\"inLanguage\":\"de\",\"@id\":\"https:\\\/\\\/tabledeterroir.be\\\/de\\\/#\\\/schema\\\/logo\\\/image\\\/\",\"url\":\"https:\\\/\\\/tabledeterroir.be\\\/wp-content\\\/uploads\\\/sites\\\/26\\\/2023\\\/04\\\/light-1.svg\",\"contentUrl\":\"https:\\\/\\\/tabledeterroir.be\\\/wp-content\\\/uploads\\\/sites\\\/26\\\/2023\\\/04\\\/light-1.svg\",\"width\":223,\"height\":54,\"caption\":\"Table de Terroir\"},\"image\":{\"@id\":\"https:\\\/\\\/tabledeterroir.be\\\/de\\\/#\\\/schema\\\/logo\\\/image\\\/\"}}]}<\/script>\n<!-- \/ Yoast SEO plugin. -->","yoast_head_json":{"title":"Actualit\u00e9s - Table de Terroir","robots":{"index":"index","follow":"follow","max-snippet":"max-snippet:-1","max-image-preview":"max-image-preview:large","max-video-preview":"max-video-preview:-1"},"canonical":"https:\/\/tabledeterroir.be\/de\/actualites\/","og_locale":"de_DE","og_type":"article","og_title":"Actualit\u00e9s - Table de Terroir","og_url":"https:\/\/tabledeterroir.be\/de\/actualites\/","og_site_name":"Table de Terroir","article_modified_time":"2025-02-04T16:15:46+00:00","twitter_card":"summary_large_image","twitter_misc":{"Gesch\u00e4tzte Lesezeit":"5\u00a0Minuten"},"schema":{"@context":"https:\/\/schema.org","@graph":[{"@type":"WebPage","@id":"https:\/\/tabledeterroir.be\/de\/actualites\/","url":"https:\/\/tabledeterroir.be\/de\/actualites\/","name":"Actualit\u00e9s - Table de Terroir","isPartOf":{"@id":"https:\/\/tabledeterroir.be\/de\/#website"},"datePublished":"2023-05-09T17:57:48+00:00","dateModified":"2025-02-04T16:15:46+00:00","breadcrumb":{"@id":"https:\/\/tabledeterroir.be\/de\/actualites\/#breadcrumb"},"inLanguage":"de","potentialAction":[{"@type":"ReadAction","target":["https:\/\/tabledeterroir.be\/de\/actualites\/"]}]},{"@type":"BreadcrumbList","@id":"https:\/\/tabledeterroir.be\/de\/actualites\/#breadcrumb","itemListElement":[{"@type":"ListItem","position":1,"name":"Accueil","item":"https:\/\/tabledeterroir.be\/de\/"},{"@type":"ListItem","position":2,"name":"Actualit\u00e9s"}]},{"@type":"WebSite","@id":"https:\/\/tabledeterroir.be\/de\/#website","url":"https:\/\/tabledeterroir.be\/de\/","name":"Table de Terroir","description":"","publisher":{"@id":"https:\/\/tabledeterroir.be\/de\/#organization"},"potentialAction":[{"@type":"SearchAction","target":{"@type":"EntryPoint","urlTemplate":"https:\/\/tabledeterroir.be\/de\/?s={search_term_string}"},"query-input":{"@type":"PropertyValueSpecification","valueRequired":true,"valueName":"search_term_string"}}],"inLanguage":"de"},{"@type":"Organization","@id":"https:\/\/tabledeterroir.be\/de\/#organization","name":"Table de Terroir","url":"https:\/\/tabledeterroir.be\/de\/","logo":{"@type":"ImageObject","inLanguage":"de","@id":"https:\/\/tabledeterroir.be\/de\/#\/schema\/logo\/image\/","url":"https:\/\/tabledeterroir.be\/wp-content\/uploads\/sites\/26\/2023\/04\/light-1.svg","contentUrl":"https:\/\/tabledeterroir.be\/wp-content\/uploads\/sites\/26\/2023\/04\/light-1.svg","width":223,"height":54,"caption":"Table de Terroir"},"image":{"@id":"https:\/\/tabledeterroir.be\/de\/#\/schema\/logo\/image\/"}}]}},"meta_box":[],"_links":{"self":[{"href":"https:\/\/tabledeterroir.be\/de\/wp-json\/wp\/v2\/pages\/7320","targetHints":{"allow":["GET"]}}],"collection":[{"href":"https:\/\/tabledeterroir.be\/de\/wp-json\/wp\/v2\/pages"}],"about":[{"href":"https:\/\/tabledeterroir.be\/de\/wp-json\/wp\/v2\/types\/page"}],"author":[{"embeddable":true,"href":"https:\/\/tabledeterroir.be\/de\/wp-json\/wp\/v2\/users\/1"}],"replies":[{"embeddable":true,"href":"https:\/\/tabledeterroir.be\/de\/wp-json\/wp\/v2\/comments?post=7320"}],"version-history":[{"count":21,"href":"https:\/\/tabledeterroir.be\/de\/wp-json\/wp\/v2\/pages\/7320\/revisions"}],"predecessor-version":[{"id":31419,"href":"https:\/\/tabledeterroir.be\/de\/wp-json\/wp\/v2\/pages\/7320\/revisions\/31419"}],"wp:attachment":[{"href":"https:\/\/tabledeterroir.be\/de\/wp-json\/wp\/v2\/media?parent=7320"}],"curies":[{"name":"wp","href":"https:\/\/api.w.org\/{rel}","templated":true}]}}